{"id":18564,"date":"2025-09-29T11:24:33","date_gmt":"2025-09-29T11:24:33","guid":{"rendered":"https:\/\/www.anoretaresort.com\/cookies-policy\/"},"modified":"2025-09-29T12:09:03","modified_gmt":"2025-09-29T12:09:03","slug":"cookies-policy","status":"publish","type":"page","link":"https:\/\/www.anoretaresort.com\/en\/cookies-policy\/","title":{"rendered":"Cookies policy"},"content":{"rendered":"\t\t<div data-elementor-type=\"wp-page\" data-elementor-id=\"18564\" class=\"elementor elementor-18564 elementor-18536\" data-elementor-post-type=\"page\">\n\t\t\t\t<div class=\"elementor-element elementor-element-f134c1b e-flex e-con-boxed e-con e-parent\" data-id=\"f134c1b\" data-element_type=\"container\" data-settings=\"{&quot;background_background&quot;:&quot;classic&quot;}\">\n\t\t\t\t\t<div class=\"e-con-inner\">\n\t\t\t\t\t<\/div>\n\t\t\t\t<\/div>\n\t\t<div class=\"elementor-element elementor-element-4acec9a e-flex e-con-boxed e-con e-parent\" data-id=\"4acec9a\" data-element_type=\"container\">\n\t\t\t\t\t<div class=\"e-con-inner\">\n\t\t\t\t<div class=\"elementor-element elementor-element-19e6467 elementor-widget elementor-widget-heading\" data-id=\"19e6467\" data-element_type=\"widget\" data-widget_type=\"heading.default\">\n\t\t\t\t\t<h2 class=\"elementor-heading-title elementor-size-default\"> Cookies policy<\/h2>\t\t\t\t<\/div>\n\t\t\t\t<div class=\"elementor-element elementor-element-795aa45 elementor-widget elementor-widget-text-editor\" data-id=\"795aa45\" data-element_type=\"widget\" data-widget_type=\"text-editor.default\">\n\t\t\t\t\t\t\t\t\t<p class=\"p1\"><span class=\"s1\"><b><i>DEFINITION OF COOKIES.<\/i><\/b><\/span><\/p><p class=\"p2\"><i>A cookie is a file that is downloaded to your computer when you access certain websites. Cookies allow a website, among other things, to store and retrieve information about the browsing habits of a user or his\/her computer and, depending on the information they contain and the way he\/she uses his\/her computer, they can be used to recognise the user. <span class=\"Apple-converted-space\"> <\/span><\/i><\/p><p class=\"p4\"><i>The website of A\u00d1ORETA GOLF SA uses its own and third party cookies, all in the domain<\/i> <b><i>\u201canoretaresort.com\u201d<\/i><\/b><\/p><p class=\"p4\"><span class=\"s1\"><b><i>A.- TYPES OF COOKIES.<span class=\"Apple-converted-space\"> <\/span><\/i><\/b><\/span><\/p><p class=\"p4\"><span class=\"s1\"><b><i>1.- Types of cookies, depending on the entity that manages them:<\/i><\/b><\/span><\/p><p class=\"p4\"><span class=\"s1\"><i>a) Own Cookies: <\/i><\/span><i>Are those that are sent to the user\u2019s terminal equipment from a computer or domain managed by the editor himself and from which the service requested by the user is provided.<\/i><\/p><p class=\"p4\"><span class=\"s1\"><i>b) Third Party Cookies: <\/i><\/span><i>They are those that are sent to the user\u2019s terminal equipment from a computer or domain that is not managed by the publisher, but by another entity that processes the data obtained through cookies.<\/i><\/p><p class=\"p4\"><span class=\"s1\"><b><i>2.- Types of cookies, according to their purpose::<\/i><\/b><\/span><\/p><p class=\"p4\"><span class=\"s1\"><i>a) Technical Cookies:<\/i><\/span> <i>Are those that allow the user to navigate through the website, platform or application and use the different options or services that exist therein.<\/i><\/p><p class=\"p4\"><span class=\"s1\"><i>b) Analysis Cookies: <\/i><\/span><i>They are those that allow the person responsible for them to monitor and analyse the behaviour of the users of the websites to which they are linked.<\/i><\/p><p class=\"p4\"><span class=\"s1\"><i>c) Personalization Cookies:<\/i><\/span><i> These cookies store information on user behaviour obtained by recording their browsing habits, which allows a specific profile to be developed to provide commercial information adapted to their tastes and preferences. They store information such as connection type, language, browsing patterns or location. <\/i><\/p><p class=\"p4\"><span class=\"s1\"><i>d) Behavioral Advertising Cookies:<\/i><\/span> <i>They are those that store information on user behavior obtained through continuous observation of their browsing habits, which allows the development of a specific profile to display advertising based on it.<\/i><\/p><p class=\"p4\"><span class=\"s1\"><b><i>3.- Types of cookies, according to the length of time they remain activated:<\/i><\/b><\/span><\/p><p class=\"p4\"><span class=\"s1\"><i>a) Session Cookies:<\/i><\/span><i> They are designed to collect and store data while the user accesses a web page. They are usually used to provide the service requested by the user on a single occasion. <\/i><\/p><p class=\"p4\"><span class=\"s1\"><i>b) Persistent Cookies: <\/i><\/span><i>They are designed so that the data remains stored in the terminal and can be accessed and processed during a period defined by the person responsible for the cookie, which can range from a few minutes to several years.<\/i><\/p><p class=\"p6\"><span class=\"s1\"><b><i>COOKIES EMPLOYED AT<\/i><\/b><\/span><span class=\"s1\"><b><i> <\/i><\/b><a href=\"http:\/\/www.anoretaresort.com\/\"><span class=\"s2\"><b><i>www.anoretaresort.com<\/i><\/b><\/span><\/a><\/span><\/p><table class=\"t1\" cellspacing=\"0\" cellpadding=\"0\"><tbody><tr><td class=\"td1\" valign=\"top\"><p class=\"p7\"><b>NAME COOKIE<\/b><\/p><\/td><td class=\"td2\" valign=\"top\"><p class=\"p7\"><b>TYPE OF COOKIE<\/b><\/p><\/td><td class=\"td3\" valign=\"top\"><p class=\"p7\"><b>DESCRIPTION<\/b><\/p><\/td><td class=\"td4\" valign=\"top\"><p class=\"p7\"><b>CADUCITY<\/b><\/p><\/td><\/tr><tr><td class=\"td5\" valign=\"top\"><p class=\"p8\">Google Anlytics<\/p><\/td><td class=\"td6\" valign=\"top\"><p class=\"p8\">Analytics<\/p><\/td><td class=\"td7\" valign=\"top\"><p class=\"p8\">User behavior<\/p><\/td><td class=\"td8\" valign=\"top\"><p class=\"p8\">2 years<\/p><\/td><\/tr><tr><td class=\"td5\" valign=\"top\"><p class=\"p8\">AddThis<\/p><\/td><td class=\"td6\" valign=\"top\"><p class=\"p8\">Analytics<\/p><\/td><td class=\"td7\" valign=\"top\"><p class=\"p8\">User behavior<\/p><\/td><td class=\"td8\" valign=\"top\"><p class=\"p8\">1 year and 4 months<\/p><\/td><\/tr><tr><td class=\"td9\" valign=\"top\"><p class=\"p8\">ASP.NET_SessionId<\/p><\/td><td class=\"td10\" valign=\"top\"><p class=\"p8\"> <\/p><\/td><td class=\"td11\" valign=\"top\"><p class=\"p8\">enables communication between your browser and the server.<\/p><\/td><td class=\"td12\" valign=\"top\"><p class=\"p8\"> <\/p><\/td><\/tr><tr><td class=\"td13\" valign=\"top\"><p class=\"p8\">nombrecliente_club_culture<\/p><\/td><td class=\"td14\" valign=\"top\"><p class=\"p8\"> <\/p><\/td><td class=\"td15\" valign=\"top\"><p class=\"p8\">where clientname is the name of the client club in our system. It allows the language option chosen by the user in the session to be remembered. <\/p><\/td><td class=\"td16\" valign=\"top\"><p class=\"p8\">SESION<\/p><\/td><\/tr><tr><td class=\"td17\" valign=\"top\"><p class=\"p8\"> i18next<\/p><\/td><td class=\"td18\" valign=\"top\"><p class=\"p8\"> <\/p><\/td><td class=\"td19\" valign=\"top\"><p class=\"p8\">allows you to use the tool to translate the page according to the culture chosen by the user.<\/p><\/td><td class=\"td20\" valign=\"top\"><p class=\"p8\">SESION<\/p><\/td><\/tr><tr><td class=\"td21\" valign=\"top\"><p class=\"p8\">LoginFS1<\/p><\/td><td class=\"td22\" valign=\"top\"><p class=\"p8\"> <\/p><\/td><td class=\"td23\" valign=\"top\"><p class=\"p8\">allows the user to access their private area once they have logged into the system.<span class=\"Apple-converted-space\"> <\/span><\/p><\/td><td class=\"td24\" valign=\"top\"><p class=\"p8\">It does not store any personal data about the user under any circumstances.<\/p><\/td><\/tr><\/tbody><\/table><p class=\"p4\"><span class=\"s3\"><b><i>B- COOKIE MANAGEMENT.<\/i><\/b><\/span><\/p><p class=\"p4\"><b><i>1.- Why I should allow cookies?<\/i><\/b><\/p><p class=\"p2\"><i>By enabling cookies, you can get a better experience on our website.<\/i><\/p><p class=\"p2\"><i>In addition, there are some basic actions that require cookies (technical) and that allow the website to develop its functionalities.<span class=\"Apple-converted-space\"> <\/span><\/i><\/p><p class=\"p4\"><b><i>2.- What happens if I block cookies?<\/i><\/b><\/p><p class=\"p2\"><i>If you choose to block cookies, it may prevent some features of the site from working properly. This will restrict what you can do on the site.<br> <\/i><\/p><p class=\"p2\"><i>If you accept these limitations and decide to block cookies, please follow the instructions for your browser in the following section.<\/i><\/p><p class=\"p2\"><b><i>3.- How can I block or allow cookies?<\/i><\/b><\/p><p class=\"p2\"><i>You can allow, know, block or delete the cookies installed on your computer by configuring the options of the browser installed on your computer.<br><\/i><\/p><p class=\"p2\"><i>You can find information on how to do this in the case you use:<\/i><\/p><p class=\"p2\"><i>Chrome, from<\/i><\/p><p class=\"p10\"><a href=\"http:\/\/support.google.com\/chrome\/bin\/answer.py?hl=es&amp;answer=95647\"><i>http:\/\/support.google.com\/chrome\/bin\/answer.py?hl=es&amp;answer=95647<\/i><\/a><\/p><p class=\"p2\"><i>Explorer, from<span class=\"Apple-converted-space\"> <\/span><\/i><\/p><p class=\"p10\"><a href=\"http:\/\/windows.microsoft.com\/es-es\/windows7\/how-to-manage-cookies-in-internet-explorer-9\"><i>http:\/\/windows.microsoft.com\/es-es\/windows7\/how-to-manage-cookies-in-internet-explorer-9<\/i><\/a><\/p><p class=\"p2\"><i>Firefox, from<span class=\"Apple-converted-space\"> <\/span><\/i><\/p><p class=\"p10\"><a href=\"https:\/\/support.mozilla.org\/es\/kb\/habilitar-y-deshabilitar-cookies-sitios-web-rastrear-preferencias\"><i>https:\/\/support.mozilla.org\/es\/kb\/habilitar-y-deshabilitar-cookies-sitios-web-rastrear-preferencias<\/i><\/a><\/p><p class=\"p2\"><i>Safari, from<span class=\"Apple-converted-space\"> <\/span><\/i><\/p><p class=\"p10\"><a href=\"http:\/\/support.apple.com\/kb\/ph5042\"><i>http:\/\/support.apple.com\/kb\/ph5042<\/i><\/a><\/p><p class=\"p2\"><i>Opera, from<\/i><\/p><p class=\"p10\"><a href=\"http:\/\/www.opera.com\/help\/tutorials\/security\/privacy\/\"><i>http:\/\/www.opera.com\/help\/tutorials\/security\/privacy\/<\/i><\/a><\/p><p class=\"p2\"><span class=\"s1\"><b><i>PRIVACY AND DATA PROCESSING<\/i><\/b><\/span><\/p><p class=\"p11\"><i>The COMPANY processes its personal data in accordance with the provisions of Regulation (EU) 2016\/679 of the European Parliament and of the Council of 27 April 2016 on the protection of individuals with regard to the processing of personal data and on the free movement of such data and repealing Directive 95\/46\/EC (General Data Protection Regulation) and LO 3\/2018. Information on your personal data, according to Article 13 of Section 2 of the above-mentioned Regulation and LO 3\/2018, can be found at this  <\/i><span class=\"s4\"><i>[<a href=\"https:\/\/www.anoretaresort.com\/politica-de-privacidad\/\">LINK<\/a>]. <\/i><\/span><\/p><p class=\"p2\"><span class=\"s1\"><b><i>DATA ACCESS<\/i><\/b><\/span><\/p><p class=\"p2\"><i>Our website\u2019s cookies are used by:<span class=\"Apple-converted-space\"> <\/span><\/i><\/p><ul class=\"ul1\"><li class=\"li12\"><i>The owner of the website A\u00d1ORETA GOLF SA, with CIF A29364627 and registered office in Avda. del Golf, Urb. A\u00f1oreta Golf 29730 Rinc\u00f3n de la Victoria (M\u00e1laga). <\/i><\/li><\/ul>\t\t\t\t\t\t\t\t<\/div>\n\t\t\t\t\t<\/div>\n\t\t\t\t<\/div>\n\t\t\t\t<\/div>\n\t\t","protected":false},"excerpt":{"rendered":"<p>Cookies policy DEFINITION OF COOKIES. A cookie is a file that is downloaded to your computer when you access certain websites. Cookies allow a website, among other things, to store and retrieve information about the browsing habits of a user or his\/her computer and, depending on the information they contain and the way he\/she uses [&hellip;]<\/p>\n","protected":false},"author":1,"featured_media":0,"parent":0,"menu_order":0,"comment_status":"closed","ping_status":"closed","template":"elementor_header_footer","meta":{"footnotes":""},"class_list":["post-18564","page","type-page","status-publish","hentry"],"yoast_head":"<!-- This site is optimized with the Yoast SEO plugin v25.6 - https:\/\/yoast.com\/wordpress\/plugins\/seo\/ -->\n<title>Cookies policy - A\u00f1oreta Golf<\/title>\n<meta name=\"robots\" content=\"index, follow, max-snippet:-1, max-image-preview:large, max-video-preview:-1\" \/>\n<link rel=\"canonical\" href=\"https:\/\/www.anoretaresort.com\/politica-de-cookies\/\" \/>\n<meta property=\"og:locale\" content=\"en_US\" \/>\n<meta property=\"og:type\" content=\"article\" \/>\n<meta property=\"og:title\" content=\"Cookies policy - A\u00f1oreta Golf\" \/>\n<meta property=\"og:description\" content=\"Cookies policy DEFINITION OF COOKIES. A cookie is a file that is downloaded to your computer when you access certain websites. Cookies allow a website, among other things, to store and retrieve information about the browsing habits of a user or his\/her computer and, depending on the information they contain and the way he\/she uses [&hellip;]\" \/>\n<meta property=\"og:url\" content=\"https:\/\/www.anoretaresort.com\/politica-de-cookies\/\" \/>\n<meta property=\"og:site_name\" content=\"A\u00f1oreta Golf\" \/>\n<meta property=\"article:modified_time\" content=\"2025-09-29T12:09:03+00:00\" \/>\n<meta name=\"twitter:card\" content=\"summary_large_image\" \/>\n<meta name=\"twitter:label1\" content=\"Est. reading time\" \/>\n\t<meta name=\"twitter:data1\" content=\"4 minutes\" \/>\n<script type=\"application\/ld+json\" class=\"yoast-schema-graph\">{\"@context\":\"https:\/\/schema.org\",\"@graph\":[{\"@type\":\"WebPage\",\"@id\":\"https:\/\/www.anoretaresort.com\/politica-de-cookies\/\",\"url\":\"https:\/\/www.anoretaresort.com\/politica-de-cookies\/\",\"name\":\"Cookies policy - A\u00f1oreta Golf\",\"isPartOf\":{\"@id\":\"https:\/\/www.anoretaresort.com\/#website\"},\"datePublished\":\"2025-09-29T11:24:33+00:00\",\"dateModified\":\"2025-09-29T12:09:03+00:00\",\"breadcrumb\":{\"@id\":\"https:\/\/www.anoretaresort.com\/politica-de-cookies\/#breadcrumb\"},\"inLanguage\":\"en-US\",\"potentialAction\":[{\"@type\":\"ReadAction\",\"target\":[\"https:\/\/www.anoretaresort.com\/politica-de-cookies\/\"]}]},{\"@type\":\"BreadcrumbList\",\"@id\":\"https:\/\/www.anoretaresort.com\/politica-de-cookies\/#breadcrumb\",\"itemListElement\":[{\"@type\":\"ListItem\",\"position\":1,\"name\":\"Inicio\",\"item\":\"https:\/\/www.anoretaresort.com\/en\/\"},{\"@type\":\"ListItem\",\"position\":2,\"name\":\"Cookies policy\"}]},{\"@type\":\"WebSite\",\"@id\":\"https:\/\/www.anoretaresort.com\/#website\",\"url\":\"https:\/\/www.anoretaresort.com\/\",\"name\":\"A\u00f1oreta Golf\",\"description\":\"A\u00f1oreta Resort, un desaf\u00edo frente al Mar Mediterr\u00e1neo, presenta una propuesta totalmente renovada como Resort &amp; Golf en plena Axarqu\u00eda-Costa del Sol.\",\"publisher\":{\"@id\":\"https:\/\/www.anoretaresort.com\/#organization\"},\"potentialAction\":[{\"@type\":\"SearchAction\",\"target\":{\"@type\":\"EntryPoint\",\"urlTemplate\":\"https:\/\/www.anoretaresort.com\/?s={search_term_string}\"},\"query-input\":{\"@type\":\"PropertyValueSpecification\",\"valueRequired\":true,\"valueName\":\"search_term_string\"}}],\"inLanguage\":\"en-US\"},{\"@type\":\"Organization\",\"@id\":\"https:\/\/www.anoretaresort.com\/#organization\",\"name\":\"A\u00f1oreta Golf\",\"url\":\"https:\/\/www.anoretaresort.com\/\",\"logo\":{\"@type\":\"ImageObject\",\"inLanguage\":\"en-US\",\"@id\":\"https:\/\/www.anoretaresort.com\/#\/schema\/logo\/image\/\",\"url\":\"https:\/\/www.anoretaresort.com\/wp-content\/uploads\/2025\/08\/cropped-Enmascarar-grupo-1-1.png\",\"contentUrl\":\"https:\/\/www.anoretaresort.com\/wp-content\/uploads\/2025\/08\/cropped-Enmascarar-grupo-1-1.png\",\"width\":782,\"height\":287,\"caption\":\"A\u00f1oreta Golf\"},\"image\":{\"@id\":\"https:\/\/www.anoretaresort.com\/#\/schema\/logo\/image\/\"}}]}<\/script>\n<!-- \/ Yoast SEO plugin. -->","yoast_head_json":{"title":"Cookies policy - A\u00f1oreta Golf","robots":{"index":"index","follow":"follow","max-snippet":"max-snippet:-1","max-image-preview":"max-image-preview:large","max-video-preview":"max-video-preview:-1"},"canonical":"https:\/\/www.anoretaresort.com\/politica-de-cookies\/","og_locale":"en_US","og_type":"article","og_title":"Cookies policy - A\u00f1oreta Golf","og_description":"Cookies policy DEFINITION OF COOKIES. A cookie is a file that is downloaded to your computer when you access certain websites. Cookies allow a website, among other things, to store and retrieve information about the browsing habits of a user or his\/her computer and, depending on the information they contain and the way he\/she uses [&hellip;]","og_url":"https:\/\/www.anoretaresort.com\/politica-de-cookies\/","og_site_name":"A\u00f1oreta Golf","article_modified_time":"2025-09-29T12:09:03+00:00","twitter_card":"summary_large_image","twitter_misc":{"Est. reading time":"4 minutes"},"schema":{"@context":"https:\/\/schema.org","@graph":[{"@type":"WebPage","@id":"https:\/\/www.anoretaresort.com\/politica-de-cookies\/","url":"https:\/\/www.anoretaresort.com\/politica-de-cookies\/","name":"Cookies policy - A\u00f1oreta Golf","isPartOf":{"@id":"https:\/\/www.anoretaresort.com\/#website"},"datePublished":"2025-09-29T11:24:33+00:00","dateModified":"2025-09-29T12:09:03+00:00","breadcrumb":{"@id":"https:\/\/www.anoretaresort.com\/politica-de-cookies\/#breadcrumb"},"inLanguage":"en-US","potentialAction":[{"@type":"ReadAction","target":["https:\/\/www.anoretaresort.com\/politica-de-cookies\/"]}]},{"@type":"BreadcrumbList","@id":"https:\/\/www.anoretaresort.com\/politica-de-cookies\/#breadcrumb","itemListElement":[{"@type":"ListItem","position":1,"name":"Inicio","item":"https:\/\/www.anoretaresort.com\/en\/"},{"@type":"ListItem","position":2,"name":"Cookies policy"}]},{"@type":"WebSite","@id":"https:\/\/www.anoretaresort.com\/#website","url":"https:\/\/www.anoretaresort.com\/","name":"A\u00f1oreta Golf","description":"A\u00f1oreta Resort, un desaf\u00edo frente al Mar Mediterr\u00e1neo, presenta una propuesta totalmente renovada como Resort &amp; Golf en plena Axarqu\u00eda-Costa del Sol.","publisher":{"@id":"https:\/\/www.anoretaresort.com\/#organization"},"potentialAction":[{"@type":"SearchAction","target":{"@type":"EntryPoint","urlTemplate":"https:\/\/www.anoretaresort.com\/?s={search_term_string}"},"query-input":{"@type":"PropertyValueSpecification","valueRequired":true,"valueName":"search_term_string"}}],"inLanguage":"en-US"},{"@type":"Organization","@id":"https:\/\/www.anoretaresort.com\/#organization","name":"A\u00f1oreta Golf","url":"https:\/\/www.anoretaresort.com\/","logo":{"@type":"ImageObject","inLanguage":"en-US","@id":"https:\/\/www.anoretaresort.com\/#\/schema\/logo\/image\/","url":"https:\/\/www.anoretaresort.com\/wp-content\/uploads\/2025\/08\/cropped-Enmascarar-grupo-1-1.png","contentUrl":"https:\/\/www.anoretaresort.com\/wp-content\/uploads\/2025\/08\/cropped-Enmascarar-grupo-1-1.png","width":782,"height":287,"caption":"A\u00f1oreta Golf"},"image":{"@id":"https:\/\/www.anoretaresort.com\/#\/schema\/logo\/image\/"}}]}},"_links":{"self":[{"href":"https:\/\/www.anoretaresort.com\/en\/wp-json\/wp\/v2\/pages\/18564","targetHints":{"allow":["GET"]}}],"collection":[{"href":"https:\/\/www.anoretaresort.com\/en\/wp-json\/wp\/v2\/pages"}],"about":[{"href":"https:\/\/www.anoretaresort.com\/en\/wp-json\/wp\/v2\/types\/page"}],"author":[{"embeddable":true,"href":"https:\/\/www.anoretaresort.com\/en\/wp-json\/wp\/v2\/users\/1"}],"replies":[{"embeddable":true,"href":"https:\/\/www.anoretaresort.com\/en\/wp-json\/wp\/v2\/comments?post=18564"}],"version-history":[{"count":1,"href":"https:\/\/www.anoretaresort.com\/en\/wp-json\/wp\/v2\/pages\/18564\/revisions"}],"predecessor-version":[{"id":18565,"href":"https:\/\/www.anoretaresort.com\/en\/wp-json\/wp\/v2\/pages\/18564\/revisions\/18565"}],"wp:attachment":[{"href":"https:\/\/www.anoretaresort.com\/en\/wp-json\/wp\/v2\/media?parent=18564"}],"curies":[{"name":"wp","href":"https:\/\/api.w.org\/{rel}","templated":true}]}}